{"id":331,"date":"2022-08-10T19:07:54","date_gmt":"2022-08-10T17:07:54","guid":{"rendered":"https:\/\/attentiontc.cmsp.se\/hem\/"},"modified":"2025-03-31T09:47:38","modified_gmt":"2025-03-31T07:47:38","slug":"hem","status":"publish","type":"page","link":"https:\/\/attentiontc.se\/en\/","title":{"rendered":"Hem"},"content":{"rendered":"<div class=\"wpb-content-wrapper\"><p>[vc_section full_width=&#8221;stretch_row&#8221; full_height=&#8221;yes&#8221; content_placement=&#8221;middle&#8221; min_height=&#8221;75vh&#8221; el_class=&#8221;white darker&#8221; css=&#8221;.vc_custom_1729849020291{background-image: url(\/files\/attention.jpg?id=240) !important;background-position: center !important;background-repeat: no-repeat !important;background-size: cover !important;}&#8221; el_id=&#8221;start&#8221;][vc_row][vc_column width=&#8221;1\/12&#8243;][\/vc_column][vc_column width=&#8221;10\/12&#8243;][vc_empty_space height=&#8221;75px&#8221;][vc_row_inner][vc_column_inner width=&#8221;1\/6&#8243;][\/vc_column_inner][vc_column_inner width=&#8221;2\/3&#8243;][vc_column_text css=&#8221;&#8221;]<\/p>\n<h1 style=\"text-align: center;\">Attention Technical Consultant AB<\/h1>\n<p>[\/vc_column_text][\/vc_column_inner][vc_column_inner width=&#8221;1\/6&#8243;][\/vc_column_inner][\/vc_row_inner][vc_column_text css=&#8221;&#8221;]<\/p>\n<p style=\"text-align: center;\">Vi \u00e4r experter p\u00e5 tekniska unders\u00f6kningar f\u00f6r att fastst\u00e4lla orsaken till uppkomna br\u00e4nder och haverier i elektrisk utrustning i fastigheter, fordon, fartyg, maskiner och kraftproduktionsanl\u00e4ggningar av olika slag. Vi arbetar ocks\u00e5 med produkts\u00e4kerhetsgranskningar av elektriska produkter av olika slag.<\/p>\n<p>[\/vc_column_text][vc_btn title=&#8221;Kontakta oss&#8221; style=&#8221;custom&#8221; align=&#8221;center&#8221; css=&#8221;&#8221; link=&#8221;url:%2Fkontakt%2F|title:Kontakt&#8221;][\/vc_column][vc_column width=&#8221;1\/12&#8243;][\/vc_column][\/vc_row][\/vc_section][vc_section][vc_row][vc_column][vc_empty_space height=&#8221;75px&#8221; el_class=&#8221;empty-75&#8243;][\/vc_column][\/vc_row][vc_row][vc_column width=&#8221;1\/6&#8243;][\/vc_column][vc_column width=&#8221;2\/3&#8243;][vc_column_text css=&#8221;&#8221;]<\/p>\n<h2 style=\"text-align: center;\">Tekniska utredningar av skadeorsaker<\/h2>\n<p>Attention TC AB \u00e4r specialiserade p\u00e5 tekniska unders\u00f6kningar f\u00f6r att utreda grundorsaken till en brand eller ett tekniskt haveri som intr\u00e4ffat i elektrisk utrustning i fastigheter, fordon, fartyg, maskiner mm.<\/p>\n<p>Vi utf\u00f6r \u00e4ven utredningar av skadeorsak p\u00e5 olika typer av st\u00f6rre elektriska anl\u00e4ggningar globalt.<br \/>\nVi erbjuder \u00e4ven besiktningar f\u00f6r att s\u00e4kerst\u00e4lla att elektriska anl\u00e4ggningar uppfyller kraven enligt g\u00e4llande regler och standarder. Det inkluderar \u00e4ven m\u00e4tningar av el-kvalitet och belastning i l\u00e5gsp\u00e4nningsanl\u00e4ggningar.<\/p>\n<p>Dessutom utvecklar vi speciall\u00f6sningar inom el-teknik f\u00f6r industri, kraft och marinbranschen. Vi har auktorisation f\u00f6r arbeten p\u00e5 b\u00e5de l\u00e5gsp\u00e4nning och h\u00f6gsp\u00e4nningsanl\u00e4ggningar samt fartyg.<\/p>\n<p>V\u00e5r expertis inom unders\u00f6kningar av brandskador och haverier d\u00e4r elektricitet \u00e4r inblandad har gjort oss till en av de ledande inom detta omr\u00e5de, med stor m\u00e4ngd genomf\u00f6rda utredningar varje \u00e5r.[\/vc_column_text][\/vc_column][vc_column width=&#8221;1\/6&#8243;][\/vc_column][\/vc_row][vc_row][vc_column][vc_empty_space height=&#8221;75px&#8221; el_class=&#8221;empty-75&#8243;][\/vc_column][\/vc_row][\/vc_section][vc_section full_width=&#8221;stretch_row_content&#8221; el_id=&#8221;rutnat&#8221;][vc_row full_width=&#8221;stretch_row_content_no_spaces&#8221; equal_height=&#8221;yes&#8221; el_class=&#8221;row-reverse&#8221;][vc_column width=&#8221;1\/4&#8243; css=&#8221;.vc_custom_1729845001529{background-image: url(\/files\/attentiontc-009.jpg?id=170) !important;background-position: center !important;background-repeat: no-repeat !important;background-size: cover !important;}&#8221;][vc_empty_space height=&#8221;400px&#8221; el_class=&#8221;empty-400&#8243;][\/vc_column][vc_column width=&#8221;1\/4&#8243; css=&#8221;.vc_custom_1729845589284{background-color: #FFFFFF !important;}&#8221;][vc_column_text css=&#8221;&#8221;]<\/p>\n<h2>Brand &amp; haveriunders\u00f6kning<\/h2>\n<p>Vi utf\u00f6r ett antal brand och haveriunders\u00f6kningar varje \u00e5r av de mest skiftande slag. Det kan handla om brand i byggnader, maskiner, fordon, fartyg, t\u00e5g, st\u00f6rre elektrisk utrustning, mm.[\/vc_column_text][vc_btn title=&#8221;L\u00e4s mer&#8221; style=&#8221;custom&#8221; css=&#8221;&#8221; link=&#8221;url:%2Fbrand-och-olycksutredning%2F|title:Brand-%20och%20olycksutredning&#8221;][\/vc_column][vc_column width=&#8221;1\/4&#8243; css=&#8221;.vc_custom_1729845091586{background-image: url(\/files\/attentiontc-0020.jpg?id=171) !important;background-position: center !important;background-repeat: no-repeat !important;background-size: cover !important;}&#8221;][vc_empty_space height=&#8221;400px&#8221; el_class=&#8221;empty-400&#8243;][\/vc_column][vc_column width=&#8221;1\/4&#8243; css=&#8221;.vc_custom_1739880762097{background-color: #CBD1D1 !important;}&#8221;][vc_column_text css=&#8221;&#8221;]<\/p>\n<h2>Produktanalys<\/h2>\n<p>V\u00e5r tj\u00e4nst Produktanalys erbjuder en omfattande utredning och granskning av elektriska utrustningar\/ apparater av olika slag. [\/vc_column_text][vc_btn title=&#8221;L\u00e4s mer&#8221; style=&#8221;custom&#8221; css=&#8221;&#8221; link=&#8221;url:%2Fproduktanalys%2F|title:Produktanalys&#8221;][\/vc_column][\/vc_row][vc_row full_width=&#8221;stretch_row_content_no_spaces&#8221; equal_height=&#8221;yes&#8221;][vc_column width=&#8221;1\/4&#8243; css=&#8221;.vc_custom_1729845600202{background-color: #FFFFFF !important;}&#8221;][vc_column_text css=&#8221;&#8221;]<\/p>\n<h2>Besiktning &amp; m\u00e4tteknik elektrisk anl\u00e4ggning<\/h2>\n<p>Vi utf\u00f6r \u00e4ven els\u00e4kerhetsbesiktningar d\u00e4r det inte f\u00f6religger krav p\u00e5 revisionsbesiktningar, men d\u00e4r man vill uppfylla reglerna om periodisk tillsyn av sin anl\u00e4ggning. Eller bara f\u00e5 en uppfattning om skicket p\u00e5 sin anl\u00e4ggning.[\/vc_column_text][vc_btn title=&#8221;L\u00e4s mer&#8221; style=&#8221;custom&#8221; css=&#8221;&#8221; link=&#8221;url:%2Fmatteknik%2F|title:M%C3%A4tteknik&#8221;][\/vc_column][vc_column width=&#8221;1\/4&#8243; css=&#8221;.vc_custom_1729845278316{background-image: url(\/files\/attentiontc-001.jpg?id=175) !important;background-position: center !important;background-repeat: no-repeat !important;background-size: cover !important;}&#8221;][vc_empty_space height=&#8221;400px&#8221; el_class=&#8221;empty-400&#8243;][\/vc_column][vc_column width=&#8221;1\/4&#8243; css=&#8221;.vc_custom_1739880769393{background-color: #CBD1D1 !important;}&#8221;][vc_column_text css=&#8221;&#8221;]<\/p>\n<h2>Aktuellt<\/h2>\n<p>Senaste nytt[\/vc_column_text][vc_btn title=&#8221;L\u00e4s mer&#8221; style=&#8221;custom&#8221; css=&#8221;&#8221; link=&#8221;url:%2Faktuellt%2F|title:Aktuellt&#8221;][\/vc_column][vc_column width=&#8221;1\/4&#8243; css=&#8221;.vc_custom_1739880475858{background-image: url(\/files\/attentiontc-003.jpg?id=227) !important;background-position: center !important;background-repeat: no-repeat !important;background-size: cover !important;}&#8221;][vc_empty_space height=&#8221;400px&#8221; el_class=&#8221;empty-400&#8243;][\/vc_column][\/vc_row][\/vc_section]<\/p>\n<\/div>","protected":false},"excerpt":{"rendered":"<p>[vc_section full_width=&#8221;stretch_row&#8221; full_height=&#8221;yes&#8221; content_placement=&#8221;middle&#8221; min_height=&#8221;75vh&#8221; el_class=&#8221;white darker&#8221; css=&#8221;.vc_custom_1729849020291{background-image: url(\/files\/attention.jpg?id=240) !important;background-position: center !important;background-repeat: no-repeat !important;background-size: cover !important;}&#8221; el_id=&#8221;start&#8221;][vc_row][vc_column width=&#8221;1\/12&#8243;][\/vc_column][vc_column width=&#8221;10\/12&#8243;][vc_empty_space height=&#8221;75px&#8221;][vc_row_inner][vc_column_inner width=&#8221;1\/6&#8243;][\/vc_column_inner][vc_column_inner width=&#8221;2\/3&#8243;][vc_column_text css=&#8221;&#8221;] Attention Technical Consultant AB [\/vc_column_text][\/vc_column_inner][vc_column_inner width=&#8221;1\/6&#8243;][\/vc_column_inner][\/vc_row_inner][vc_column_text css=&#8221;&#8221;] Vi \u00e4r experter p\u00e5 tekniska unders\u00f6kningar f\u00f6r att fastst\u00e4lla orsaken till uppkomna br\u00e4nder och haverier i elektrisk utrustning i fastigheter, fordon, fartyg, maskiner och kraftproduktionsanl\u00e4ggningar [&hellip;]<\/p>\n","protected":false},"author":2850,"featured_media":0,"parent":0,"menu_order":1,"comment_status":"closed","ping_status":"closed","template":"","meta":{"footnotes":""},"class_list":["post-331","page","type-page","status-publish","hentry"],"_links":{"self":[{"href":"https:\/\/attentiontc.se\/en\/wp-json\/wp\/v2\/pages\/331","targetHints":{"allow":["GET"]}}],"collection":[{"href":"https:\/\/attentiontc.se\/en\/wp-json\/wp\/v2\/pages"}],"about":[{"href":"https:\/\/attentiontc.se\/en\/wp-json\/wp\/v2\/types\/page"}],"author":[{"embeddable":true,"href":"https:\/\/attentiontc.se\/en\/wp-json\/wp\/v2\/users\/2850"}],"replies":[{"embeddable":true,"href":"https:\/\/attentiontc.se\/en\/wp-json\/wp\/v2\/comments?post=331"}],"version-history":[{"count":3,"href":"https:\/\/attentiontc.se\/en\/wp-json\/wp\/v2\/pages\/331\/revisions"}],"predecessor-version":[{"id":350,"href":"https:\/\/attentiontc.se\/en\/wp-json\/wp\/v2\/pages\/331\/revisions\/350"}],"wp:attachment":[{"href":"https:\/\/attentiontc.se\/en\/wp-json\/wp\/v2\/media?parent=331"}],"curies":[{"name":"wp","href":"https:\/\/api.w.org\/{rel}","templated":true}]}}