{"id":333,"date":"2024-10-25T09:46:24","date_gmt":"2024-10-25T07:46:24","guid":{"rendered":"https:\/\/attentiontc.cmsp.se\/brand-och-olycksutredning\/"},"modified":"2025-03-31T09:55:08","modified_gmt":"2025-03-31T07:55:08","slug":"brand-och-olycksutredning","status":"publish","type":"page","link":"https:\/\/attentiontc.se\/en\/brand-och-olycksutredning\/","title":{"rendered":"Brand &#038; Haveriunders\u00f6kning"},"content":{"rendered":"<div class=\"wpb-content-wrapper\"><p>[vc_section full_width=&#8221;stretch_row&#8221; el_id=&#8221;start_inside&#8221;][vc_row][vc_column][vc_column_text css=&#8221;&#8221;]<\/p>\n<h1 style=\"text-align: center;\">Brand &amp; haveriunders\u00f6kning<\/h1>\n<p>[\/vc_column_text][\/vc_column][\/vc_row][\/vc_section][vc_section][vc_row][vc_column][vc_empty_space height=&#8221;75px&#8221; el_class=&#8221;empty-75&#8243;][\/vc_column][\/vc_row][vc_row gap=&#8221;30&#8243;][vc_column width=&#8221;2\/3&#8243;][vc_column_text css=&#8221;&#8221;]<\/p>\n<h2>Brand- och olycksutredning<\/h2>\n<h3>Inom f\u00f6retaget finns specialistkompetens p\u00e5 brandplatsunders\u00f6kningar.<\/h3>\n<p>Attention TC AB anlitas ofta av r\u00e4ddningstj\u00e4nsten, polis och f\u00f6rs\u00e4kringsbolag som sakkunnig f\u00f6r att utreda bakomliggande orsak vid brand, skada eller olycksfall, i fall d\u00e4r det finns en misstanke om att orsaken \u00e4r el-relaterad.<\/p>\n<p>I takt med att infrastrukturen i v\u00e5rt samh\u00e4lle blir alltmer komplext och el-beroende \u00f6kar tyv\u00e4rr ocks\u00e5 antalet el-relaterade skador och br\u00e4nder.<\/p>\n<p>Anl\u00e4ggningar byggs ut och kompletteras i takt med att nya tekniska funktioner tillkommer och integreras. Vilket st\u00e4ller allt h\u00f6gre krav p\u00e5 f\u00f6rst\u00e5else av hur en anl\u00e4ggning fungerade innan en skada uppkom. Attention TC AB \u2013 inom f\u00f6retaget finns beh\u00f6righet inom alla f\u00f6rekommande sp\u00e4nningsniv\u00e5er.[\/vc_column_text][vc_column_text css=&#8221;&#8221;]<\/p>\n<h2>En 25-\u00e5rig erfarenhetsbank av \u201dvad som kan g\u00e5 snett\u201d.<\/h2>\n<h3>Vi utf\u00f6r \u00e4ven unders\u00f6kningar av elkomponenter och utrustning som f\u00f6rmodats orsakat brand i eget laboratorium.<\/h3>\n<p>Vi har brandingenj\u00f6rer knutna till f\u00f6retaget som medverkar vid unders\u00f6kningar av brandplatser d\u00e4r man vill f\u00e5 en helhetsbild av bakomliggande brandorsak, direkt orsak och f\u00f6rlopp b\u00e5de elektrisk men \u00e4ven byggnadstekniskt.<\/p>\n<p>Br\u00e4nder orsakar i Sverige f\u00f6rutom ett stort antal omkomna och stort lidande f\u00f6r de drabbade, kostnader f\u00f6r f\u00f6rs\u00e4kringsbolagen p\u00e5 n\u00e4rmare 5 miljarder kronor varje \u00e5r. S\u00e5 det finns en stor anledning att utreda varf\u00f6r br\u00e4nderna uppst\u00e5r s\u00e5 man kan arbeta f\u00f6rebyggande f\u00f6r att minska b\u00e5de kostnader och lidande. Detta \u00e4r betydligt sv\u00e5rare om man inte vet orsaken till br\u00e4nderna.<\/p>\n<p>F\u00f6rutom brand- och olycksutredning arbetar vi \u00e4ven med besiktning av elektriska anl\u00e4ggningar och m\u00e4tningar av befintliga anl\u00e4ggningar.[\/vc_column_text][\/vc_column][vc_column width=&#8221;1\/3&#8243;][vc_single_image image=&#8221;211&#8243; img_size=&#8221;full&#8221; add_caption=&#8221;yes&#8221; css=&#8221;&#8221;][\/vc_column][\/vc_row][vc_row][vc_column][vc_masonry_media_grid element_width=&#8221;3&#8243; item=&#8221;196&#8243; css=&#8221;&#8221; grid_id=&#8221;vc_gid:1743407406086-df6298e2-5db1-1&#8243; include=&#8221;183,170,184,185,186,187,188,189,190,191,192,193,194,195&#8243;][\/vc_column][\/vc_row][vc_row][vc_column][vc_empty_space height=&#8221;75px&#8221; el_class=&#8221;empty-75&#8243;][\/vc_column][\/vc_row][\/vc_section]<\/p>\n<\/div>","protected":false},"excerpt":{"rendered":"<p>[vc_section full_width=&#8221;stretch_row&#8221; el_id=&#8221;start_inside&#8221;][vc_row][vc_column][vc_column_text css=&#8221;&#8221;] Brand &amp; haveriunders\u00f6kning [\/vc_column_text][\/vc_column][\/vc_row][\/vc_section][vc_section][vc_row][vc_column][vc_empty_space height=&#8221;75px&#8221; el_class=&#8221;empty-75&#8243;][\/vc_column][\/vc_row][vc_row gap=&#8221;30&#8243;][vc_column width=&#8221;2\/3&#8243;][vc_column_text css=&#8221;&#8221;] Brand- och olycksutredning Inom f\u00f6retaget finns specialistkompetens p\u00e5 brandplatsunders\u00f6kningar. Attention TC AB anlitas ofta av r\u00e4ddningstj\u00e4nsten, polis och f\u00f6rs\u00e4kringsbolag som sakkunnig f\u00f6r att utreda bakomliggande orsak vid brand, skada eller olycksfall, i fall d\u00e4r det finns en misstanke om att orsaken \u00e4r [&hellip;]<\/p>\n","protected":false},"author":2,"featured_media":0,"parent":0,"menu_order":2,"comment_status":"closed","ping_status":"closed","template":"","meta":{"footnotes":""},"class_list":["post-333","page","type-page","status-publish","hentry"],"_links":{"self":[{"href":"https:\/\/attentiontc.se\/en\/wp-json\/wp\/v2\/pages\/333","targetHints":{"allow":["GET"]}}],"collection":[{"href":"https:\/\/attentiontc.se\/en\/wp-json\/wp\/v2\/pages"}],"about":[{"href":"https:\/\/attentiontc.se\/en\/wp-json\/wp\/v2\/types\/page"}],"author":[{"embeddable":true,"href":"https:\/\/attentiontc.se\/en\/wp-json\/wp\/v2\/users\/2"}],"replies":[{"embeddable":true,"href":"https:\/\/attentiontc.se\/en\/wp-json\/wp\/v2\/comments?post=333"}],"version-history":[{"count":2,"href":"https:\/\/attentiontc.se\/en\/wp-json\/wp\/v2\/pages\/333\/revisions"}],"predecessor-version":[{"id":353,"href":"https:\/\/attentiontc.se\/en\/wp-json\/wp\/v2\/pages\/333\/revisions\/353"}],"wp:attachment":[{"href":"https:\/\/attentiontc.se\/en\/wp-json\/wp\/v2\/media?parent=333"}],"curies":[{"name":"wp","href":"https:\/\/api.w.org\/{rel}","templated":true}]}}