{"id":339,"date":"2024-10-25T09:46:56","date_gmt":"2024-10-25T07:46:56","guid":{"rendered":"https:\/\/attentiontc.cmsp.se\/matteknik\/"},"modified":"2025-02-18T13:29:08","modified_gmt":"2025-02-18T12:29:08","slug":"matteknik","status":"publish","type":"page","link":"https:\/\/attentiontc.se\/en\/matteknik\/","title":{"rendered":"M\u00e4tteknik"},"content":{"rendered":"<div class=\"wpb-content-wrapper\"><p>[vc_section full_width=&#8221;stretch_row&#8221; el_id=&#8221;start_inside&#8221;][vc_row][vc_column width=&#8221;1\/6&#8243;][\/vc_column][vc_column width=&#8221;2\/3&#8243;][vc_column_text css=&#8221;&#8221;]<\/p>\n<h1>Besiktning &amp; m\u00e4tteknik elektrisk anl\u00e4ggning<\/h1>\n<p>[\/vc_column_text][\/vc_column][vc_column width=&#8221;1\/6&#8243;][\/vc_column][\/vc_row][\/vc_section][vc_section][vc_row][vc_column][vc_empty_space height=&#8221;75px&#8221; el_class=&#8221;empty-75&#8243;][\/vc_column][\/vc_row][vc_row][vc_column width=&#8221;1\/6&#8243;][\/vc_column][vc_column width=&#8221;2\/3&#8243;][vc_column_text css=&#8221;&#8221;]Vi utf\u00f6r \u00e4ven els\u00e4kerhetsbesiktningar d\u00e4r det inte f\u00f6religger krav p\u00e5 revisionsbesiktningar, men d\u00e4r man vill uppfylla reglerna om periodisk tillsyn av sin anl\u00e4ggning. Eller bara f\u00e5 en uppfattning om skicket p\u00e5 sin anl\u00e4ggning.<\/p>\n<h2>M\u00e4tteknik f\u00f6r elkvalitet<\/h2>\n<p>Attention TC AB utf\u00f6r \u00e4ven m\u00e4tningar p\u00e5 befintliga l\u00e5gsp\u00e4nnings anl\u00e4ggningar f\u00f6r att fastst\u00e4lla om det finns st\u00f6rningar i elanl\u00e4ggningen som kan p\u00e5verka eller st\u00f6ra verksamheten. Med begreppet elkvalitet menas att sp\u00e4nningen ska vara s\u00e5 \u201dren som m\u00f6jligt\u201d. Att f\u00f6rh\u00e5llandet mellan \u201dden rena\u201d inkommande 50 Hz v\u00e4xelsp\u00e4nningen och de \u00f6vertoner och spikar som anslutna apparater skickar bakv\u00e4gen ut i anl\u00e4ggningen, ligger inom de gr\u00e4nsv\u00e4rden som utrustningen klarar av att hantera.<\/p>\n<h2>Belastningsm\u00e4tningar<\/h2>\n<p>M\u00e4tningar som loggas \u00f6ver tid f\u00f6r att se om det finns snedbelastningar eller \u00f6verbelastningar i en anl\u00e4ggning.<\/p>\n<h2>F\u00f6rbrukningsbudget<\/h2>\n<p>Vid investering i nya maskiner kan det finnas behov att f\u00f6rst g\u00f6ra en analys av befintlig elanl\u00e4ggning f\u00f6r att undvika \u00f6verraskningar n\u00e4r maskiner\/utrustning ska anslutas.[\/vc_column_text][vc_single_image image=&#8221;229&#8243; img_size=&#8221;full&#8221; css=&#8221;&#8221;][vc_column_text css=&#8221;&#8221;]<\/p>\n<h2>\u00d6vertoner<\/h2>\n<p>Komplexa laster kan skapa och bakv\u00e4gen skicka ut multiplar av n\u00e4tets 50 Hz p\u00e5 n\u00e4tet. Dessa multiplar (100, 150, 300Hz o.s.v.) har ofta h\u00f6g sp\u00e4nning men relativt l\u00e5g energi (spikar) och kan st\u00f6ra andra anslutna enheter som inte f\u00f6rm\u00e5r filtrera bort \u201dspikarna\u201d i sin n\u00e4tdel. \u00d6vertonerna skapar ofta komplexa kombinationer som \u00f6verlagras den sinusformade 50Hz-v\u00e5gen.<\/p>\n<p>I v\u00e4rsta fall kan \u00f6vertonerna \u00e4ven forts\u00e4tta ut i eln\u00e4tet och skapa problem f\u00f6r andra anv\u00e4ndare, exempelvis sl\u00e5 ut elleverant\u00f6rens avl\u00e4sning av elm\u00e4tare eller f\u00e5 grannens datorer att starta om.<\/p>\n<h2>Externa st\u00f6rningar<\/h2>\n<p>Via inkommande el-matning kan kraftiga \u201dspikar\u201d och \u00f6vertoner ta sig in i en elanl\u00e4ggning och st\u00e4lla till oreda. En kraftig elf\u00f6rbrukare som startas hos ett n\u00e4rliggande f\u00f6retag kan f\u00e5 grannars datorer att st\u00f6ras eller starta om, det kan d\u00e5 beh\u00f6vas en l\u00e5ngtidsm\u00e4tning d\u00e4r n\u00e4tsp\u00e4nningen loggas under en l\u00e4ngre tid f\u00f6r att kunna hitta ett m\u00f6nster[\/vc_column_text][\/vc_column][vc_column width=&#8221;1\/6&#8243;][\/vc_column][\/vc_row][vc_row][vc_column][vc_empty_space height=&#8221;75px&#8221; el_class=&#8221;empty-75&#8243;][\/vc_column][\/vc_row][\/vc_section]<\/p>\n<\/div>","protected":false},"excerpt":{"rendered":"<p>[vc_section full_width=&#8221;stretch_row&#8221; el_id=&#8221;start_inside&#8221;][vc_row][vc_column width=&#8221;1\/6&#8243;][\/vc_column][vc_column width=&#8221;2\/3&#8243;][vc_column_text css=&#8221;&#8221;] Besiktning &amp; m\u00e4tteknik elektrisk anl\u00e4ggning [\/vc_column_text][\/vc_column][vc_column width=&#8221;1\/6&#8243;][\/vc_column][\/vc_row][\/vc_section][vc_section][vc_row][vc_column][vc_empty_space height=&#8221;75px&#8221; el_class=&#8221;empty-75&#8243;][\/vc_column][\/vc_row][vc_row][vc_column width=&#8221;1\/6&#8243;][\/vc_column][vc_column width=&#8221;2\/3&#8243;][vc_column_text css=&#8221;&#8221;]Vi utf\u00f6r \u00e4ven els\u00e4kerhetsbesiktningar d\u00e4r det inte f\u00f6religger krav p\u00e5 revisionsbesiktningar, men d\u00e4r man vill uppfylla reglerna om periodisk tillsyn av sin anl\u00e4ggning. Eller bara f\u00e5 en uppfattning om skicket p\u00e5 sin anl\u00e4ggning. M\u00e4tteknik f\u00f6r elkvalitet Attention TC [&hellip;]<\/p>\n","protected":false},"author":2,"featured_media":0,"parent":0,"menu_order":5,"comment_status":"closed","ping_status":"closed","template":"","meta":{"footnotes":""},"class_list":["post-339","page","type-page","status-publish","hentry"],"_links":{"self":[{"href":"https:\/\/attentiontc.se\/en\/wp-json\/wp\/v2\/pages\/339","targetHints":{"allow":["GET"]}}],"collection":[{"href":"https:\/\/attentiontc.se\/en\/wp-json\/wp\/v2\/pages"}],"about":[{"href":"https:\/\/attentiontc.se\/en\/wp-json\/wp\/v2\/types\/page"}],"author":[{"embeddable":true,"href":"https:\/\/attentiontc.se\/en\/wp-json\/wp\/v2\/users\/2"}],"replies":[{"embeddable":true,"href":"https:\/\/attentiontc.se\/en\/wp-json\/wp\/v2\/comments?post=339"}],"version-history":[{"count":1,"href":"https:\/\/attentiontc.se\/en\/wp-json\/wp\/v2\/pages\/339\/revisions"}],"predecessor-version":[{"id":340,"href":"https:\/\/attentiontc.se\/en\/wp-json\/wp\/v2\/pages\/339\/revisions\/340"}],"wp:attachment":[{"href":"https:\/\/attentiontc.se\/en\/wp-json\/wp\/v2\/media?parent=339"}],"curies":[{"name":"wp","href":"https:\/\/api.w.org\/{rel}","templated":true}]}}